{"id":17475,"date":"2025-07-02T12:29:31","date_gmt":"2025-07-02T10:29:31","guid":{"rendered":"https:\/\/schweiz.rockyourlife.org\/?page_id=17475"},"modified":"2025-10-28T13:28:20","modified_gmt":"2025-10-28T12:28:20","slug":"benevolat","status":"publish","type":"page","link":"https:\/\/schweiz.rockyourlife.org\/fr\/benevolat\/","title":{"rendered":"Rejoins ROCK YOUR LIFE!"},"content":{"rendered":"<p>[et_pb_section fb_built=\u00a0\u00bb1&Prime; fullwidth=\u00a0\u00bbon\u00a0\u00bb _builder_version=\u00a0\u00bb4.27.0&Prime; _module_preset=\u00a0\u00bbdefault\u00a0\u00bb custom_padding=\u00a0\u00bb0px||0px||false|false\u00a0\u00bb global_colors_info=\u00a0\u00bb{}\u00a0\u00bb][et_pb_fullwidth_image src=\u00a0\u00bbhttps:\/\/schweiz.rockyourlife.org\/wp-content\/uploads\/sites\/47\/2025\/05\/RYL_Header_Freiwilligenarbeit.jpg\u00a0\u00bb title_text=\u00a0\u00bbRYL_Header_B\u00e9n\u00e9volat\u00a0\u00bb _builder_version=\u00a0\u00bb4.27.0&Prime; _module_preset=\u00a0\u00bbdefault\u00a0\u00bb global_colors_info=\u00a0\u00bb{}\u00a0\u00bb][\/et_pb_fullwidth_image][\/et_pb_section][et_pb_section fb_built=\u00a0\u00bb1&Prime; _builder_version=\u00a0\u00bb4.27.0&Prime; background_color=\u00a0\u00bb#FFFFFF\u00a0\u00bb custom_padding=\u00a0\u00bb0px||0px||false|false\u00a0\u00bb locked=\u00a0\u00bboff\u00a0\u00bb global_colors_info=\u00a0\u00bb{}\u00a0\u00bb][et_pb_row _builder_version=\u00a0\u00bb4.27.0&Prime; custom_padding=\u00a0\u00bb||||false|false\u00a0\u00bb global_colors_info=\u00a0\u00bb{}\u00a0\u00bb][et_pb_column type=\u00a0\u00bb4_4&Prime; _builder_version=\u00a0\u00bb4.16&Prime; custom_padding=\u00a0\u00bb|||\u00a0\u00bb global_colors_info=\u00a0\u00bb{}\u00a0\u00bb custom_padding__hover=\u00a0\u00bb|||\u00a0\u00bb][et_pb_text module_class=\u00a0\u00bbryl-breadcrumb\u00a0\u00bb _builder_version=\u00a0\u00bb4.27.0&Prime; text_font=\u00a0\u00bb||||||||\u00a0\u00bb custom_margin=\u00a0\u00bb||||false|false\u00a0\u00bb global_colors_info=\u00a0\u00bb{}\u00a0\u00bb]<\/p>\n<span><span><a href=\"https:\/\/schweiz.rockyourlife.org\/fr\/accueil\/\">Startseite<\/a><\/span><\/span>\n<p>[\/et_pb_text][\/et_pb_column][\/et_pb_row][\/et_pb_section][et_pb_section fb_built=\u00a0\u00bb1&Prime; _builder_version=\u00a0\u00bb4.27.0&Prime; custom_margin=\u00a0\u00bb||||false|false\u00a0\u00bb custom_margin_tablet=\u00a0\u00bb\u00a0\u00bb custom_margin_phone=\u00a0\u00bb\u00a0\u00bb custom_margin_last_edited=\u00a0\u00bbon|desktop\u00a0\u00bb custom_padding=\u00a0\u00bb30px||0px||false|false\u00a0\u00bb global_colors_info=\u00a0\u00bb{}\u00a0\u00bb][et_pb_row _builder_version=\u00a0\u00bb4.27.0&Prime; custom_margin=\u00a0\u00bb||||false|false\u00a0\u00bb custom_padding=\u00a0\u00bb||||false|false\u00a0\u00bb global_colors_info=\u00a0\u00bb{}\u00a0\u00bb][et_pb_column type=\u00a0\u00bb4_4&Prime; _builder_version=\u00a0\u00bb4.16&Prime; custom_padding=\u00a0\u00bb|||\u00a0\u00bb global_colors_info=\u00a0\u00bb{}\u00a0\u00bb custom_padding__hover=\u00a0\u00bb|||\u00a0\u00bb][et_pb_text _builder_version=\u00a0\u00bb4.27.0&Prime; header_font=\u00a0\u00bbRoboto Condensed||||||||\u00a0\u00bb custom_margin=\u00a0\u00bb||||false|false\u00a0\u00bb custom_padding=\u00a0\u00bb||||false|false\u00a0\u00bb global_colors_info=\u00a0\u00bb{}\u00a0\u00bb]<\/p>\n<h2>REJOINS ROCK YOUR LIFE!<\/h2>\n<p>[\/et_pb_text][et_pb_text module_class=\u00a0\u00bblead\u00a0\u00bb _builder_version=\u00a0\u00bb4.27.0&Prime; custom_css_main_element=\u00a0\u00bb -webkit-hyphens: auto;|| -ms-hyphens: auto;|| hyphens: auto;\u00a0\u00bb global_colors_info=\u00a0\u00bb{}\u00a0\u00bb]<\/p>\n<p>Accorde du temps aux jeunes et contribue \u00e0 cr\u00e9er un monde avec plus de justice sociale.<\/p>\n<p>[\/et_pb_text][\/et_pb_column][\/et_pb_row][\/et_pb_section][et_pb_section fb_built=\u00a0\u00bb1&Prime; disabled_on=\u00a0\u00bboff|off|off\u00a0\u00bb _builder_version=\u00a0\u00bb4.27.0&Prime; custom_margin=\u00a0\u00bb||||false|false\u00a0\u00bb custom_padding=\u00a0\u00bb||||false|false\u00a0\u00bb locked=\u00a0\u00bboff\u00a0\u00bb global_colors_info=\u00a0\u00bb{}\u00a0\u00bb][et_pb_row disabled_on=\u00a0\u00bboff|off|off\u00a0\u00bb _builder_version=\u00a0\u00bb4.27.0&Prime; _module_preset=\u00a0\u00bbdefault\u00a0\u00bb custom_padding=\u00a0\u00bb||||false|false\u00a0\u00bb locked=\u00a0\u00bboff\u00a0\u00bb global_colors_info=\u00a0\u00bb{}\u00a0\u00bb][et_pb_column type=\u00a0\u00bb4_4&Prime; _builder_version=\u00a0\u00bb4.24.1&Prime; _module_preset=\u00a0\u00bbdefault\u00a0\u00bb global_colors_info=\u00a0\u00bb{}\u00a0\u00bb][et_pb_text disabled_on=\u00a0\u00bboff|off|off\u00a0\u00bb _builder_version=\u00a0\u00bb4.27.0&Prime; custom_margin=\u00a0\u00bb||||false|false\u00a0\u00bb global_colors_info=\u00a0\u00bb{}\u00a0\u00bb]<\/p>\n<h3>Rejoins ROCK YOUR LIFE! &#8211; Engagement b\u00e9n\u00e9vole<\/h3>\n<p>[\/et_pb_text][et_pb_text disabled_on=\u00a0\u00bbon|on|off\u00a0\u00bb _builder_version=\u00a0\u00bb4.27.0&Prime; _module_preset=\u00a0\u00bbdefault\u00a0\u00bb custom_margin=\u00a0\u00bb||||false|false\u00a0\u00bb custom_padding=\u00a0\u00bb||||false|false\u00a0\u00bb global_colors_info=\u00a0\u00bb{}\u00a0\u00bb]<span>Tu as toujours voulu faire du b\u00e9n\u00e9volat ?<\/span><\/p>\n<p><span>Regarde le Flowchart de RYL! et d\u00e9couvre comment TU peux t&rsquo;engager :<\/span>[\/et_pb_text][et_pb_image src=\u00a0\u00bbhttps:\/\/schweiz.rockyourlife.org\/wp-content\/uploads\/sites\/47\/2023\/10\/MicrosoftTeams-image-6-scaled.jpg\u00a0\u00bb title_text=\u00a0\u00bbRecherche b\u00e9n\u00e9voles_ Suisse romande\u00a0\u00bb url=\u00a0\u00bbhttps:\/\/schweiz.rockyourlife.org\/wp-content\/uploads\/sites\/47\/2024\/05\/Flowchart_Freiwilligensuche_FR.pdf\u00a0\u00bb url_new_window=\u00a0\u00bbon\u00a0\u00bb _builder_version=\u00a0\u00bb4.27.0&Prime; _module_preset=\u00a0\u00bbdefault\u00a0\u00bb max_width=\u00a0\u00bb55%\u00a0\u00bb module_alignment=\u00a0\u00bbcenter\u00a0\u00bb hover_enabled=\u00a0\u00bb0&Prime; global_colors_info=\u00a0\u00bb{}\u00a0\u00bb sticky_enabled=\u00a0\u00bb0&Prime;][\/et_pb_image][\/et_pb_column][\/et_pb_row][\/et_pb_section][et_pb_section fb_built=\u00a0\u00bb1&Prime; _builder_version=\u00a0\u00bb4.27.0&Prime; background_color=\u00a0\u00bb#eff4f5&Prime; custom_padding=\u00a0\u00bb|0px|||false|false\u00a0\u00bb global_colors_info=\u00a0\u00bb{}\u00a0\u00bb][et_pb_row _builder_version=\u00a0\u00bb4.27.0&Prime; custom_padding=\u00a0\u00bb||||false|false\u00a0\u00bb hover_enabled=\u00a0\u00bb0&Prime; locked=\u00a0\u00bboff\u00a0\u00bb global_colors_info=\u00a0\u00bb{}\u00a0\u00bb sticky_enabled=\u00a0\u00bb0&Prime;][et_pb_column type=\u00a0\u00bb4_4&Prime; _builder_version=\u00a0\u00bb4.16&Prime; custom_padding=\u00a0\u00bb|||\u00a0\u00bb global_colors_info=\u00a0\u00bb{}\u00a0\u00bb custom_padding__hover=\u00a0\u00bb|||\u00a0\u00bb][et_pb_text _builder_version=\u00a0\u00bb4.27.0&Prime; min_height=\u00a0\u00bb80px\u00a0\u00bb global_colors_info=\u00a0\u00bb{}\u00a0\u00bb]<\/p>\n<h3>En savoir plus sur notre programme<\/h3>\n<p>[\/et_pb_text][ryl_linkbox heading=\u00a0\u00bbEngage-toi b\u00e9n\u00e9volement et accompagne un\u00b7e jeune. \u00a0\u00bb image=\u00a0\u00bbhttps:\/\/schweiz.rockyourlife.org\/wp-content\/uploads\/sites\/47\/2018\/11\/rock-your-life-mentor-werden.png\u00a0\u00bb url=\u00a0\u00bbhttps:\/\/schweiz.rockyourlife.org\/fr\/ce-que-nous-faisons\/mentor%c2%b7e\/\u00a0\u00bb _builder_version=\u00a0\u00bb4.27.0&Prime; background_color=\u00a0\u00bb#eff4f5&Prime; hover_enabled=\u00a0\u00bb0&Prime; global_colors_info=\u00a0\u00bb{}\u00a0\u00bb sticky_enabled=\u00a0\u00bb0&Prime;]<\/p>\n<p>Deviens menotr\u00b7e<\/p>\n<p>[\/ryl_linkbox][ryl_linkbox heading=\u00a0\u00bbEn tant que CTM, tu es la personne de liaison entre les mentor\u00b7e\u00b7s et le site ROCK YOUR LIFE!.\u00a0\u00bb image=\u00a0\u00bbhttps:\/\/schweiz.rockyourlife.org\/wp-content\/uploads\/sites\/47\/2018\/11\/rock-your-life-team-icon.png\u00a0\u00bb url=\u00a0\u00bbhttps:\/\/schweiz.rockyourlife.org\/fr\/ce-que-nous-faisons\/coordinateur%c2%b7trice-de-tandem-de-mentorat\/\u00a0\u00bb disabled_on=\u00a0\u00bboff|off|off\u00a0\u00bb _builder_version=\u00a0\u00bb4.27.0&Prime; background_color=\u00a0\u00bb#eff4f5&Prime; transform_scale_tablet=\u00a0\u00bb\u00a0\u00bb transform_scale_phone=\u00a0\u00bb\u00a0\u00bb transform_scale_last_edited=\u00a0\u00bbon|phone\u00a0\u00bb transform_translate_tablet=\u00a0\u00bb\u00a0\u00bb transform_translate_phone=\u00a0\u00bb\u00a0\u00bb transform_translate_last_edited=\u00a0\u00bbon|phone\u00a0\u00bb transform_rotate_tablet=\u00a0\u00bb\u00a0\u00bb transform_rotate_phone=\u00a0\u00bb\u00a0\u00bb transform_rotate_last_edited=\u00a0\u00bbon|phone\u00a0\u00bb transform_skew_tablet=\u00a0\u00bb\u00a0\u00bb transform_skew_phone=\u00a0\u00bb\u00a0\u00bb transform_skew_last_edited=\u00a0\u00bbon|phone\u00a0\u00bb transform_origin_tablet=\u00a0\u00bb\u00a0\u00bb transform_origin_phone=\u00a0\u00bb\u00a0\u00bb transform_origin_last_edited=\u00a0\u00bbon|phone\u00a0\u00bb transform_styles_last_edited=\u00a0\u00bbon|phone\u00a0\u00bb height_tablet=\u00a0\u00bb\u00a0\u00bb height_phone=\u00a0\u00bb\u00a0\u00bb height_last_edited=\u00a0\u00bbon|phone\u00a0\u00bb custom_padding=\u00a0\u00bb||||false|false\u00a0\u00bb custom_padding_tablet=\u00a0\u00bb\u00a0\u00bb custom_padding_phone=\u00a0\u00bb||||false|false\u00a0\u00bb custom_padding_last_edited=\u00a0\u00bbon|phone\u00a0\u00bb hover_enabled=\u00a0\u00bb0&Prime; module_font_tablet=\u00a0\u00bb\u00a0\u00bb module_font_phone=\u00a0\u00bb\u00a0\u00bb module_font_last_edited=\u00a0\u00bbon|phone\u00a0\u00bb module_line_height_tablet=\u00a0\u00bb\u00a0\u00bb module_line_height_phone=\u00a0\u00bb1.7em\u00a0\u00bb module_line_height_last_edited=\u00a0\u00bbon|phone\u00a0\u00bb transform_styles_tablet=\u00a0\u00bb\u00a0\u00bb transform_styles_phone=\u00a0\u00bb\u00a0\u00bb z_index_tablet=\u00a0\u00bb\u00a0\u00bb z_index_phone=\u00a0\u00bb0&Prime; z_index_last_edited=\u00a0\u00bbon|phone\u00a0\u00bb overflow-x_tablet=\u00a0\u00bb\u00a0\u00bb overflow-x_phone=\u00a0\u00bb\u00a0\u00bb overflow-x_last_edited=\u00a0\u00bbon|phone\u00a0\u00bb overflow-y_tablet=\u00a0\u00bb\u00a0\u00bb overflow-y_phone=\u00a0\u00bb\u00a0\u00bb overflow-y_last_edited=\u00a0\u00bbon|phone\u00a0\u00bb hover_transition_speed_curve_tablet=\u00a0\u00bb\u00a0\u00bb hover_transition_speed_curve_phone=\u00a0\u00bbease\u00a0\u00bb hover_transition_speed_curve_last_edited=\u00a0\u00bbon|phone\u00a0\u00bb global_colors_info=\u00a0\u00bb{}\u00a0\u00bb sticky_enabled=\u00a0\u00bb0&Prime;]<\/p>\n<p>Deviens coordinateur\u00b7trice de tandem de mentorat (CTM)<\/p>\n<p>[\/ryl_linkbox][ryl_linkbox heading=\u00a0\u00bbMach aus Studierenden und jungen Arbeitnehmenden Mentor:innen! Du qualifizierst sie dazu, einem Mentee neue Perspektiven zu zeigen.\u00a0\u00bb image=\u00a0\u00bbhttps:\/\/schweiz.rockyourlife.org\/wp-content\/uploads\/sites\/47\/2018\/11\/rock-your-life-trainer-icon.png\u00a0\u00bb url=\u00a0\u00bbhttps:\/\/schweiz.rockyourlife.org\/das-machen-wir\/trainer-innen\/\u00a0\u00bb disabled_on=\u00a0\u00bbon|on|on\u00a0\u00bb _builder_version=\u00a0\u00bb4.27.0&Prime; background_color=\u00a0\u00bb#eff4f5&Prime; disabled=\u00a0\u00bbon\u00a0\u00bb global_colors_info=\u00a0\u00bb{}\u00a0\u00bb]<\/p>\n<p>Trainer:in werden<\/p>\n<p>[\/ryl_linkbox][\/et_pb_column][\/et_pb_row][et_pb_row _builder_version=\u00a0\u00bb4.27.0&Prime; custom_padding=\u00a0\u00bb30px||||false|false\u00a0\u00bb global_colors_info=\u00a0\u00bb{}\u00a0\u00bb][et_pb_column type=\u00a0\u00bb4_4&Prime; _builder_version=\u00a0\u00bb4.16&Prime; custom_padding=\u00a0\u00bb|||\u00a0\u00bb global_colors_info=\u00a0\u00bb{}\u00a0\u00bb custom_padding__hover=\u00a0\u00bb|||\u00a0\u00bb][et_pb_text _builder_version=\u00a0\u00bb4.27.0&Prime; _module_preset=\u00a0\u00bbdefault\u00a0\u00bb global_colors_info=\u00a0\u00bb{}\u00a0\u00bb]<\/p>\n<p>Nos sites sont toujours \u00e0 la recherche de b\u00e9n\u00e9voles.<\/p>\n<p>[\/et_pb_text][et_pb_blurb title=\u00a0\u00bbEmplacement des b\u00e9n\u00e9voles ROCK YOUR LIFE! \u00a0\u00bb url=\u00a0\u00bbhttps:\/\/schweiz.rockyourlife.org\/wp-content\/uploads\/sites\/47\/2023\/10\/Stelleninserat_StandortChangemakerIn_Fr.pdf\u00a0\u00bb url_new_window=\u00a0\u00bbon\u00a0\u00bb image=\u00a0\u00bbhttps:\/\/schweiz.rockyourlife.org\/wp-content\/uploads\/sites\/47\/2018\/11\/rock-your-life-team-icon.png\u00a0\u00bb icon_placement=\u00a0\u00bbleft\u00a0\u00bb content_max_width=\u00a0\u00bb1100px\u00a0\u00bb _builder_version=\u00a0\u00bb4.27.0&Prime; header_font=\u00a0\u00bb||||||||\u00a0\u00bb header_text_color=\u00a0\u00bb#264652&Prime; header_font_size=\u00a0\u00bb18px\u00a0\u00bb body_font=\u00a0\u00bb||||||||\u00a0\u00bb body_text_color=\u00a0\u00bb#7c7c7c\u00a0\u00bb body_font_size=\u00a0\u00bb15px\u00a0\u00bb body_line_height=\u00a0\u00bb0em\u00a0\u00bb custom_margin=\u00a0\u00bb|||\u00a0\u00bb custom_padding=\u00a0\u00bb|||\u00a0\u00bb hover_transition_speed_curve=\u00a0\u00bbease-in-out\u00a0\u00bb border_width_top_image=\u00a0\u00bb7px\u00a0\u00bb border_color_top_image=\u00a0\u00bbrgba(0,0,0,0)\u00a0\u00bb global_colors_info=\u00a0\u00bb{}\u00a0\u00bb body_text_color__hover=\u00a0\u00bb#ff6513&Prime; body_text_color__hover_enabled=\u00a0\u00bbon\u00a0\u00bb header_text_color__hover=\u00a0\u00bb#ff6513&Prime; header_text_color__hover_enabled=\u00a0\u00bbon\u00a0\u00bb][\/et_pb_blurb][\/et_pb_column][\/et_pb_row][\/et_pb_section]<\/p>\n","protected":false},"excerpt":{"rendered":"<p><span><span><a href=\"https:\/\/schweiz.rockyourlife.org\/fr\/accueil\/\">Startseite<\/a><\/span><\/span>REJOINS ROCK YOUR LIFE!Accorde du temps aux jeunes et contribue \u00e0 cr\u00e9er un monde avec plus de justice sociale.Rejoins ROCK YOUR LIFE! &#8211; Engagement b\u00e9n\u00e9voleTu as toujours voulu faire du b\u00e9n\u00e9volat ? Regarde le Flowchart de RYL! et d\u00e9couvre comment TU peux t&rsquo;engager :En savoir plus sur notre programme<div class=\"et_pb_module ryl_linkbox ryl_linkbox_0 ryl-linkbox et_pb_bg_layout_  et_pb_no_bg\">\n\t\t\t\t\n\t\t\t\t\n\t\t\t\t\n\t\t\t\t\n\t\t\t\t\n\t\t\t\t\n\t\t\t\t<div class=\"et_pb_module_inner\">\n\t\t\t\t\t<div class=\"et_pb_module ryl_linkbox ryl_linkbox_0 ryl-linkbox et_pb_bg_layout_  et_pb_no_bg\">\n                        <div class=\"ryl-linkbox__icon\">\n                            <img decoding=\"async\" class='linkbox-image' src=\"\" alt=\"\" \/>    \n                        <\/div>\n                        <div class=\"ryl-linkbox__text\">\n                            \n                            <h4 class=\"et_pb_module_header\">\u00bbEngage-toi<\/h4>\n                        <\/div>\n                        \n                    <\/div>\n\t\t\t\t<\/div>\n\t\t\t<\/div><\/p>\n","protected":false},"author":50,"featured_media":0,"parent":0,"menu_order":3,"comment_status":"closed","ping_status":"closed","template":"","meta":{"_et_pb_use_builder":"on","_et_pb_old_content":"","_et_gb_content_width":"","footnotes":""},"class_list":["post-17475","page","type-page","status-publish","hentry"],"yoast_head":"<!-- This site is optimized with the Yoast SEO plugin v26.8 - https:\/\/yoast.com\/product\/yoast-seo-wordpress\/ -->\n<title>Rejoins ROCK YOUR LIFE! - ROCK YOUR LIFE! Schweiz<\/title>\n<meta name=\"robots\" content=\"index, follow, max-snippet:-1, max-image-preview:large, max-video-preview:-1\" \/>\n<link rel=\"canonical\" href=\"https:\/\/schweiz.rockyourlife.org\/fr\/benevolat\/\" \/>\n<meta property=\"og:locale\" content=\"fr_FR\" \/>\n<meta property=\"og:type\" content=\"article\" \/>\n<meta property=\"og:title\" content=\"Rejoins ROCK YOUR LIFE! - ROCK YOUR LIFE! Schweiz\" \/>\n<meta property=\"og:description\" content=\"REJOINS ROCK YOUR LIFE!Accorde du temps aux jeunes et contribue \u00e0 cr\u00e9er un monde avec plus de justice sociale.Rejoins ROCK YOUR LIFE! - Engagement b\u00e9n\u00e9voleTu as toujours voulu faire du b\u00e9n\u00e9volat ? Regarde le Flowchart de RYL! et d\u00e9couvre comment TU peux t&#039;engager :En savoir plus sur notre programme\" \/>\n<meta property=\"og:url\" content=\"https:\/\/schweiz.rockyourlife.org\/fr\/benevolat\/\" \/>\n<meta property=\"og:site_name\" content=\"ROCK YOUR LIFE! Schweiz\" \/>\n<meta property=\"article:modified_time\" content=\"2025-10-28T12:28:20+00:00\" \/>\n<meta name=\"twitter:card\" content=\"summary_large_image\" \/>\n<meta name=\"twitter:label1\" content=\"Dur\u00e9e de lecture estim\u00e9e\" \/>\n\t<meta name=\"twitter:data1\" content=\"2 minutes\" \/>\n<script type=\"application\/ld+json\" class=\"yoast-schema-graph\">{\"@context\":\"https:\/\/schema.org\",\"@graph\":[{\"@type\":\"WebPage\",\"@id\":\"https:\/\/schweiz.rockyourlife.org\/fr\/benevolat\/\",\"url\":\"https:\/\/schweiz.rockyourlife.org\/fr\/benevolat\/\",\"name\":\"Rejoins ROCK YOUR LIFE! - ROCK YOUR LIFE! Schweiz\",\"isPartOf\":{\"@id\":\"https:\/\/schweiz.rockyourlife.org\/#website\"},\"datePublished\":\"2025-07-02T10:29:31+00:00\",\"dateModified\":\"2025-10-28T12:28:20+00:00\",\"breadcrumb\":{\"@id\":\"https:\/\/schweiz.rockyourlife.org\/fr\/benevolat\/#breadcrumb\"},\"inLanguage\":\"fr-FR\",\"potentialAction\":[{\"@type\":\"ReadAction\",\"target\":[\"https:\/\/schweiz.rockyourlife.org\/fr\/benevolat\/\"]}]},{\"@type\":\"BreadcrumbList\",\"@id\":\"https:\/\/schweiz.rockyourlife.org\/fr\/benevolat\/#breadcrumb\",\"itemListElement\":[{\"@type\":\"ListItem\",\"position\":1,\"name\":\"Startseite\",\"item\":\"https:\/\/schweiz.rockyourlife.org\/fr\/accueil\/\"},{\"@type\":\"ListItem\",\"position\":2,\"name\":\"Rejoins ROCK YOUR LIFE!\"}]},{\"@type\":\"WebSite\",\"@id\":\"https:\/\/schweiz.rockyourlife.org\/#website\",\"url\":\"https:\/\/schweiz.rockyourlife.org\/\",\"name\":\"ROCK YOUR LIFE! Schweiz\",\"description\":\"Mentoring f\u00fcr Jugendliche\",\"potentialAction\":[{\"@type\":\"SearchAction\",\"target\":{\"@type\":\"EntryPoint\",\"urlTemplate\":\"https:\/\/schweiz.rockyourlife.org\/?s={search_term_string}\"},\"query-input\":{\"@type\":\"PropertyValueSpecification\",\"valueRequired\":true,\"valueName\":\"search_term_string\"}}],\"inLanguage\":\"fr-FR\"}]}<\/script>\n<!-- \/ Yoast SEO plugin. -->","yoast_head_json":{"title":"Rejoins ROCK YOUR LIFE! - ROCK YOUR LIFE! Schweiz","robots":{"index":"index","follow":"follow","max-snippet":"max-snippet:-1","max-image-preview":"max-image-preview:large","max-video-preview":"max-video-preview:-1"},"canonical":"https:\/\/schweiz.rockyourlife.org\/fr\/benevolat\/","og_locale":"fr_FR","og_type":"article","og_title":"Rejoins ROCK YOUR LIFE! - ROCK YOUR LIFE! Schweiz","og_description":"REJOINS ROCK YOUR LIFE!Accorde du temps aux jeunes et contribue \u00e0 cr\u00e9er un monde avec plus de justice sociale.Rejoins ROCK YOUR LIFE! - Engagement b\u00e9n\u00e9voleTu as toujours voulu faire du b\u00e9n\u00e9volat ? Regarde le Flowchart de RYL! et d\u00e9couvre comment TU peux t'engager :En savoir plus sur notre programme","og_url":"https:\/\/schweiz.rockyourlife.org\/fr\/benevolat\/","og_site_name":"ROCK YOUR LIFE! Schweiz","article_modified_time":"2025-10-28T12:28:20+00:00","twitter_card":"summary_large_image","twitter_misc":{"Dur\u00e9e de lecture estim\u00e9e":"2 minutes"},"schema":{"@context":"https:\/\/schema.org","@graph":[{"@type":"WebPage","@id":"https:\/\/schweiz.rockyourlife.org\/fr\/benevolat\/","url":"https:\/\/schweiz.rockyourlife.org\/fr\/benevolat\/","name":"Rejoins ROCK YOUR LIFE! - ROCK YOUR LIFE! Schweiz","isPartOf":{"@id":"https:\/\/schweiz.rockyourlife.org\/#website"},"datePublished":"2025-07-02T10:29:31+00:00","dateModified":"2025-10-28T12:28:20+00:00","breadcrumb":{"@id":"https:\/\/schweiz.rockyourlife.org\/fr\/benevolat\/#breadcrumb"},"inLanguage":"fr-FR","potentialAction":[{"@type":"ReadAction","target":["https:\/\/schweiz.rockyourlife.org\/fr\/benevolat\/"]}]},{"@type":"BreadcrumbList","@id":"https:\/\/schweiz.rockyourlife.org\/fr\/benevolat\/#breadcrumb","itemListElement":[{"@type":"ListItem","position":1,"name":"Startseite","item":"https:\/\/schweiz.rockyourlife.org\/fr\/accueil\/"},{"@type":"ListItem","position":2,"name":"Rejoins ROCK YOUR LIFE!"}]},{"@type":"WebSite","@id":"https:\/\/schweiz.rockyourlife.org\/#website","url":"https:\/\/schweiz.rockyourlife.org\/","name":"ROCK YOUR LIFE! Schweiz","description":"Mentoring f\u00fcr Jugendliche","potentialAction":[{"@type":"SearchAction","target":{"@type":"EntryPoint","urlTemplate":"https:\/\/schweiz.rockyourlife.org\/?s={search_term_string}"},"query-input":{"@type":"PropertyValueSpecification","valueRequired":true,"valueName":"search_term_string"}}],"inLanguage":"fr-FR"}]}},"_links":{"self":[{"href":"https:\/\/schweiz.rockyourlife.org\/fr\/wp-json\/wp\/v2\/pages\/17475","targetHints":{"allow":["GET"]}}],"collection":[{"href":"https:\/\/schweiz.rockyourlife.org\/fr\/wp-json\/wp\/v2\/pages"}],"about":[{"href":"https:\/\/schweiz.rockyourlife.org\/fr\/wp-json\/wp\/v2\/types\/page"}],"author":[{"embeddable":true,"href":"https:\/\/schweiz.rockyourlife.org\/fr\/wp-json\/wp\/v2\/users\/50"}],"replies":[{"embeddable":true,"href":"https:\/\/schweiz.rockyourlife.org\/fr\/wp-json\/wp\/v2\/comments?post=17475"}],"version-history":[{"count":17,"href":"https:\/\/schweiz.rockyourlife.org\/fr\/wp-json\/wp\/v2\/pages\/17475\/revisions"}],"predecessor-version":[{"id":18856,"href":"https:\/\/schweiz.rockyourlife.org\/fr\/wp-json\/wp\/v2\/pages\/17475\/revisions\/18856"}],"wp:attachment":[{"href":"https:\/\/schweiz.rockyourlife.org\/fr\/wp-json\/wp\/v2\/media?parent=17475"}],"curies":[{"name":"wp","href":"https:\/\/api.w.org\/{rel}","templated":true}]}}