{"id":7742,"date":"2022-06-28T13:27:48","date_gmt":"2022-06-28T11:27:48","guid":{"rendered":"https:\/\/schweiz.rockyourlife.org\/das-sind-wir-franz\/jobs\/"},"modified":"2026-03-11T12:04:02","modified_gmt":"2026-03-11T11:04:02","slug":"jobs","status":"publish","type":"page","link":"https:\/\/schweiz.rockyourlife.org\/fr\/das-sind-wir-franz\/jobs\/","title":{"rendered":"Jobs"},"content":{"rendered":"<p>[et_pb_section fb_built=\u00a0\u00bb1&Prime; fullwidth=\u00a0\u00bbon\u00a0\u00bb custom_padding_last_edited=\u00a0\u00bbon|phone\u00a0\u00bb _builder_version=\u00a0\u00bb4.16&Prime; background_image=\u00a0\u00bbhttps:\/\/schweiz.rockyourlife.org\/wp-content\/uploads\/sites\/47\/2018\/11\/rock-your-life-mentor-mentee-mentoring-paar.jpg\u00a0\u00bb min_height=\u00a0\u00bb619px\u00a0\u00bb custom_margin=\u00a0\u00bb|||\u00a0\u00bb custom_margin_tablet=\u00a0\u00bb\u00a0\u00bb custom_margin_phone=\u00a0\u00bb\u00a0\u00bb custom_margin_last_edited=\u00a0\u00bbon|desktop\u00a0\u00bb custom_padding=\u00a0\u00bb200px||200px|\u00a0\u00bb custom_padding_tablet=\u00a0\u00bb150px||150px|\u00a0\u00bb custom_padding_phone=\u00a0\u00bb100px||100px|\u00a0\u00bb global_colors_info=\u00a0\u00bb{}\u00a0\u00bb][\/et_pb_section][et_pb_section fb_built=\u00a0\u00bb1&Prime; _builder_version=\u00a0\u00bb4.27.0&Prime; custom_padding=\u00a0\u00bb0px||0px||false|false\u00a0\u00bb global_colors_info=\u00a0\u00bb{}\u00a0\u00bb][et_pb_row _builder_version=\u00a0\u00bb4.27.0&Prime; custom_padding=\u00a0\u00bb||||false|false\u00a0\u00bb global_colors_info=\u00a0\u00bb{}\u00a0\u00bb][et_pb_column type=\u00a0\u00bb4_4&Prime; _builder_version=\u00a0\u00bb4.16&Prime; custom_padding=\u00a0\u00bb|||\u00a0\u00bb global_colors_info=\u00a0\u00bb{}\u00a0\u00bb custom_padding__hover=\u00a0\u00bb|||\u00a0\u00bb][et_pb_text module_class=\u00a0\u00bbryl-breadcrumb\u00a0\u00bb _builder_version=\u00a0\u00bb4.27.0&Prime; text_font=\u00a0\u00bb||||||||\u00a0\u00bb global_colors_info=\u00a0\u00bb{}\u00a0\u00bb]<\/p>\n<span><span><a href=\"https:\/\/schweiz.rockyourlife.org\/fr\/accueil\/\">Startseite<\/a><\/span><\/span>\n<p>[\/et_pb_text][\/et_pb_column][\/et_pb_row][\/et_pb_section][et_pb_section fb_built=\u00a0\u00bb1&Prime; _builder_version=\u00a0\u00bb4.27.5&Prime; custom_margin=\u00a0\u00bb||||false|false\u00a0\u00bb custom_margin_tablet=\u00a0\u00bb\u00a0\u00bb custom_margin_phone=\u00a0\u00bb\u00a0\u00bb custom_margin_last_edited=\u00a0\u00bbon|desktop\u00a0\u00bb custom_padding=\u00a0\u00bb0px||0px||false|false\u00a0\u00bb hover_enabled=\u00a0\u00bb0&Prime; global_colors_info=\u00a0\u00bb{}\u00a0\u00bb sticky_enabled=\u00a0\u00bb0&Prime;][et_pb_row _builder_version=\u00a0\u00bb4.27.0&Prime; custom_padding=\u00a0\u00bb||||false|false\u00a0\u00bb global_colors_info=\u00a0\u00bb{}\u00a0\u00bb][et_pb_column type=\u00a0\u00bb4_4&Prime; _builder_version=\u00a0\u00bb4.16&Prime; custom_padding=\u00a0\u00bb|||\u00a0\u00bb global_colors_info=\u00a0\u00bb{}\u00a0\u00bb custom_padding__hover=\u00a0\u00bb|||\u00a0\u00bb][et_pb_text _builder_version=\u00a0\u00bb4.16&Prime; header_font=\u00a0\u00bbRoboto Condensed||||||||\u00a0\u00bb global_colors_info=\u00a0\u00bb{}\u00a0\u00bb]<\/p>\n<h2>EMPLOIS AVEC DU SENS &amp; DE L&rsquo;IMPACT<\/h2>\n<p>[\/et_pb_text][et_pb_text module_class=\u00a0\u00bblead\u00a0\u00bb _builder_version=\u00a0\u00bb4.27.0&Prime; custom_css_main_element=\u00a0\u00bb -webkit-hyphens: auto;|| -ms-hyphens: auto;|| hyphens: auto;\u00a0\u00bb global_colors_info=\u00a0\u00bb{}\u00a0\u00bb]<\/p>\n<p>Nous recherchons des acteurs et actrices du changement, des personnes avec l&rsquo;esprit d&rsquo;\u00e9quipe, de l&rsquo;enthousiasme et une dose d&rsquo;id\u00e9alisme. Rejoins notre \u00e9quipe.<\/p>\n<p>[\/et_pb_text][\/et_pb_column][\/et_pb_row][\/et_pb_section][et_pb_section fb_built=\u00a0\u00bb1&Prime; disabled_on=\u00a0\u00bboff|off|off\u00a0\u00bb _builder_version=\u00a0\u00bb4.27.0&Prime; custom_margin=\u00a0\u00bb||||false|false\u00a0\u00bb custom_padding=\u00a0\u00bb||||false|false\u00a0\u00bb locked=\u00a0\u00bboff\u00a0\u00bb global_colors_info=\u00a0\u00bb{}\u00a0\u00bb][et_pb_row disabled_on=\u00a0\u00bboff|off|off\u00a0\u00bb _builder_version=\u00a0\u00bb4.27.0&Prime; custom_padding=\u00a0\u00bb10px||10px||false|false\u00a0\u00bb global_colors_info=\u00a0\u00bb{}\u00a0\u00bb][et_pb_column type=\u00a0\u00bb4_4&Prime; _builder_version=\u00a0\u00bb4.16&Prime; custom_padding=\u00a0\u00bb|||\u00a0\u00bb global_colors_info=\u00a0\u00bb{}\u00a0\u00bb custom_padding__hover=\u00a0\u00bb|||\u00a0\u00bb][et_pb_text disabled_on=\u00a0\u00bboff|off|off\u00a0\u00bb _builder_version=\u00a0\u00bb4.27.0&Prime; global_colors_info=\u00a0\u00bb{}\u00a0\u00bb]<\/p>\n<h3>Rejoins ROCK YOUR LIFE! &#8211; Emplois<\/h3>\n<p>[\/et_pb_text][et_pb_text disabled_on=\u00a0\u00bboff|off|off\u00a0\u00bb _builder_version=\u00a0\u00bb4.27.5&Prime; _module_preset=\u00a0\u00bbdefault\u00a0\u00bb hover_enabled=\u00a0\u00bb0&Prime; global_colors_info=\u00a0\u00bb{}\u00a0\u00bb sticky_enabled=\u00a0\u00bb0&Prime;]<\/p>\n<p>Actuellement, tous les postes sont occup\u00e9s. Ci-dessous, tu peux d\u00e9couvrir toutes les modialit\u00e9s d&rsquo;engagements chez RYL!<\/p>\n<p>[\/et_pb_text][\/et_pb_column][\/et_pb_row][\/et_pb_section][et_pb_section fb_built=\u00a0\u00bb1&Prime; _builder_version=\u00a0\u00bb4.27.0&Prime; background_color=\u00a0\u00bb#eff4f5&Prime; custom_padding=\u00a0\u00bb||||false|false\u00a0\u00bb global_colors_info=\u00a0\u00bb{}\u00a0\u00bb][et_pb_row _builder_version=\u00a0\u00bb4.27.0&Prime; custom_padding=\u00a0\u00bb10px||10px||false|false\u00a0\u00bb global_colors_info=\u00a0\u00bb{}\u00a0\u00bb][et_pb_column type=\u00a0\u00bb4_4&Prime; _builder_version=\u00a0\u00bb4.16&Prime; custom_padding=\u00a0\u00bb|||\u00a0\u00bb global_colors_info=\u00a0\u00bb{}\u00a0\u00bb custom_padding__hover=\u00a0\u00bb|||\u00a0\u00bb][et_pb_text _builder_version=\u00a0\u00bb4.27.0&Prime; global_colors_info=\u00a0\u00bb{}\u00a0\u00bb]<\/p>\n<h3>Rejoins ROCK YOUR LIFE! &#8211; Engagement b\u00e9n\u00e9vole<\/h3>\n<p>[\/et_pb_text][et_pb_blurb title=\u00a0\u00bbMentor\u00b7e ROCK YOUR LIFE! \u00a0\u00bb url=\u00a0\u00bbhttps:\/\/schweiz.rockyourlife.org\/fr\/ce-que-nous-faisons\/mentor%c2%b7e\/\u00a0\u00bb image=\u00a0\u00bbhttps:\/\/schweiz.rockyourlife.org\/wp-content\/uploads\/sites\/47\/2018\/11\/rock-your-life-team-icon.png\u00a0\u00bb icon_placement=\u00a0\u00bbleft\u00a0\u00bb content_max_width=\u00a0\u00bb1100px\u00a0\u00bb _builder_version=\u00a0\u00bb4.27.0&Prime; header_font=\u00a0\u00bb||||||||\u00a0\u00bb header_text_color=\u00a0\u00bb#264652&Prime; header_font_size=\u00a0\u00bb18px\u00a0\u00bb body_font=\u00a0\u00bb||||||||\u00a0\u00bb body_text_color=\u00a0\u00bb#7c7c7c\u00a0\u00bb body_font_size=\u00a0\u00bb15px\u00a0\u00bb body_line_height=\u00a0\u00bb0em\u00a0\u00bb custom_margin=\u00a0\u00bb|||\u00a0\u00bb custom_padding=\u00a0\u00bb|||\u00a0\u00bb hover_transition_speed_curve=\u00a0\u00bbease-in-out\u00a0\u00bb border_width_top_image=\u00a0\u00bb7px\u00a0\u00bb border_color_top_image=\u00a0\u00bbrgba(0,0,0,0)\u00a0\u00bb global_colors_info=\u00a0\u00bb{}\u00a0\u00bb body_text_color__hover=\u00a0\u00bb#ff6513&Prime; body_text_color__hover_enabled=\u00a0\u00bbon\u00a0\u00bb header_text_color__hover=\u00a0\u00bb#ff6513&Prime; header_text_color__hover_enabled=\u00a0\u00bbon\u00a0\u00bb][\/et_pb_blurb][et_pb_text _builder_version=\u00a0\u00bb4.22.2&Prime; _module_preset=\u00a0\u00bbdefault\u00a0\u00bb global_colors_info=\u00a0\u00bb{}\u00a0\u00bb]<\/p>\n<p>Nos sites sont toujours \u00e0 la recherche de b\u00e9n\u00e9voles motiv\u00e9\u00b7e\u00b7s :<\/p>\n<p>[\/et_pb_text][et_pb_blurb title=\u00a0\u00bbB\u00e9n\u00e9voles sur un des sites ROCK YOUR LIFE! \u00a0\u00bb url=\u00a0\u00bbhttps:\/\/schweiz.rockyourlife.org\/wp-content\/uploads\/sites\/47\/2023\/10\/Stelleninserat_StandortChangemakerIn_Fr.pdf\u00a0\u00bb url_new_window=\u00a0\u00bbon\u00a0\u00bb image=\u00a0\u00bbhttps:\/\/schweiz.rockyourlife.org\/wp-content\/uploads\/sites\/47\/2018\/11\/rock-your-life-team-icon.png\u00a0\u00bb icon_placement=\u00a0\u00bbleft\u00a0\u00bb content_max_width=\u00a0\u00bb1100px\u00a0\u00bb _builder_version=\u00a0\u00bb4.27.0&Prime; header_font=\u00a0\u00bb||||||||\u00a0\u00bb header_text_color=\u00a0\u00bb#264652&Prime; header_font_size=\u00a0\u00bb18px\u00a0\u00bb body_font=\u00a0\u00bb||||||||\u00a0\u00bb body_text_color=\u00a0\u00bb#7c7c7c\u00a0\u00bb body_font_size=\u00a0\u00bb15px\u00a0\u00bb body_line_height=\u00a0\u00bb0em\u00a0\u00bb custom_margin=\u00a0\u00bb|||\u00a0\u00bb custom_padding=\u00a0\u00bb|||\u00a0\u00bb hover_transition_speed_curve=\u00a0\u00bbease-in-out\u00a0\u00bb border_width_top_image=\u00a0\u00bb7px\u00a0\u00bb border_color_top_image=\u00a0\u00bbrgba(0,0,0,0)\u00a0\u00bb global_colors_info=\u00a0\u00bb{}\u00a0\u00bb body_text_color__hover=\u00a0\u00bb#ff6513&Prime; body_text_color__hover_enabled=\u00a0\u00bbon\u00a0\u00bb header_text_color__hover=\u00a0\u00bb#ff6513&Prime; header_text_color__hover_enabled=\u00a0\u00bbon\u00a0\u00bb][\/et_pb_blurb][\/et_pb_column][\/et_pb_row][\/et_pb_section]<\/p>\n","protected":false},"excerpt":{"rendered":"<p><span><span><a href=\"https:\/\/schweiz.rockyourlife.org\/fr\/accueil\/\">Startseite<\/a><\/span><\/span>EMPLOIS AVEC DU SENS &amp; DE L&rsquo;IMPACTNous recherchons des acteurs et actrices du changement, des personnes avec l&rsquo;esprit d&rsquo;\u00e9quipe, de l&rsquo;enthousiasme et une dose d&rsquo;id\u00e9alisme. Rejoins notre \u00e9quipe.Rejoins ROCK YOUR LIFE! &#8211; EmploisActuellement, tous les postes sont occup\u00e9s. Ci-dessous, tu peux d\u00e9couvrir toutes les modialit\u00e9s d&rsquo;engagements chez RYL!Rejoins ROCK YOUR LIFE! &#8211; Engagement b\u00e9n\u00e9voleNos sites [&hellip;]<\/p>\n","protected":false},"author":50,"featured_media":0,"parent":6317,"menu_order":3,"comment_status":"closed","ping_status":"closed","template":"","meta":{"_et_pb_use_builder":"on","_et_pb_old_content":"","_et_gb_content_width":"","footnotes":""},"class_list":["post-7742","page","type-page","status-publish","hentry"],"yoast_head":"<!-- This site is optimized with the Yoast SEO plugin v26.8 - https:\/\/yoast.com\/product\/yoast-seo-wordpress\/ -->\n<title>Jobs - ROCK YOUR LIFE! Schweiz<\/title>\n<meta name=\"robots\" content=\"index, follow, max-snippet:-1, max-image-preview:large, max-video-preview:-1\" \/>\n<link rel=\"canonical\" href=\"https:\/\/schweiz.rockyourlife.org\/fr\/das-sind-wir-franz\/jobs\/\" \/>\n<meta property=\"og:locale\" content=\"fr_FR\" \/>\n<meta property=\"og:type\" content=\"article\" \/>\n<meta property=\"og:title\" content=\"Jobs - ROCK YOUR LIFE! Schweiz\" \/>\n<meta property=\"og:description\" content=\"EMPLOIS AVEC DU SENS &amp; DE L&#039;IMPACTNous recherchons des acteurs et actrices du changement, des personnes avec l&#039;esprit d&#039;\u00e9quipe, de l&#039;enthousiasme et une dose d&#039;id\u00e9alisme. Rejoins notre \u00e9quipe.Rejoins ROCK YOUR LIFE! - EmploisActuellement, tous les postes sont occup\u00e9s. Ci-dessous, tu peux d\u00e9couvrir toutes les modialit\u00e9s d&#039;engagements chez RYL!Rejoins ROCK YOUR LIFE! - Engagement b\u00e9n\u00e9voleNos sites [&hellip;]\" \/>\n<meta property=\"og:url\" content=\"https:\/\/schweiz.rockyourlife.org\/fr\/das-sind-wir-franz\/jobs\/\" \/>\n<meta property=\"og:site_name\" content=\"ROCK YOUR LIFE! Schweiz\" \/>\n<meta property=\"article:modified_time\" content=\"2026-03-11T11:04:02+00:00\" \/>\n<meta name=\"twitter:card\" content=\"summary_large_image\" \/>\n<meta name=\"twitter:label1\" content=\"Dur\u00e9e de lecture estim\u00e9e\" \/>\n\t<meta name=\"twitter:data1\" content=\"4 minutes\" \/>\n<script type=\"application\/ld+json\" class=\"yoast-schema-graph\">{\"@context\":\"https:\/\/schema.org\",\"@graph\":[{\"@type\":\"WebPage\",\"@id\":\"https:\/\/schweiz.rockyourlife.org\/fr\/das-sind-wir-franz\/jobs\/\",\"url\":\"https:\/\/schweiz.rockyourlife.org\/fr\/das-sind-wir-franz\/jobs\/\",\"name\":\"Jobs - ROCK YOUR LIFE! Schweiz\",\"isPartOf\":{\"@id\":\"https:\/\/schweiz.rockyourlife.org\/#website\"},\"datePublished\":\"2022-06-28T11:27:48+00:00\",\"dateModified\":\"2026-03-11T11:04:02+00:00\",\"breadcrumb\":{\"@id\":\"https:\/\/schweiz.rockyourlife.org\/fr\/das-sind-wir-franz\/jobs\/#breadcrumb\"},\"inLanguage\":\"fr-FR\",\"potentialAction\":[{\"@type\":\"ReadAction\",\"target\":[\"https:\/\/schweiz.rockyourlife.org\/fr\/das-sind-wir-franz\/jobs\/\"]}]},{\"@type\":\"BreadcrumbList\",\"@id\":\"https:\/\/schweiz.rockyourlife.org\/fr\/das-sind-wir-franz\/jobs\/#breadcrumb\",\"itemListElement\":[{\"@type\":\"ListItem\",\"position\":1,\"name\":\"Startseite\",\"item\":\"https:\/\/schweiz.rockyourlife.org\/fr\/accueil\/\"},{\"@type\":\"ListItem\",\"position\":2,\"name\":\"Qui nous sommes\",\"item\":\"https:\/\/schweiz.rockyourlife.org\/fr\/das-sind-wir-franz\/\"},{\"@type\":\"ListItem\",\"position\":3,\"name\":\"Jobs\"}]},{\"@type\":\"WebSite\",\"@id\":\"https:\/\/schweiz.rockyourlife.org\/#website\",\"url\":\"https:\/\/schweiz.rockyourlife.org\/\",\"name\":\"ROCK YOUR LIFE! Schweiz\",\"description\":\"Mentoring f\u00fcr Jugendliche\",\"potentialAction\":[{\"@type\":\"SearchAction\",\"target\":{\"@type\":\"EntryPoint\",\"urlTemplate\":\"https:\/\/schweiz.rockyourlife.org\/?s={search_term_string}\"},\"query-input\":{\"@type\":\"PropertyValueSpecification\",\"valueRequired\":true,\"valueName\":\"search_term_string\"}}],\"inLanguage\":\"fr-FR\"}]}<\/script>\n<!-- \/ Yoast SEO plugin. -->","yoast_head_json":{"title":"Jobs - ROCK YOUR LIFE! Schweiz","robots":{"index":"index","follow":"follow","max-snippet":"max-snippet:-1","max-image-preview":"max-image-preview:large","max-video-preview":"max-video-preview:-1"},"canonical":"https:\/\/schweiz.rockyourlife.org\/fr\/das-sind-wir-franz\/jobs\/","og_locale":"fr_FR","og_type":"article","og_title":"Jobs - ROCK YOUR LIFE! Schweiz","og_description":"EMPLOIS AVEC DU SENS &amp; DE L'IMPACTNous recherchons des acteurs et actrices du changement, des personnes avec l'esprit d'\u00e9quipe, de l'enthousiasme et une dose d'id\u00e9alisme. Rejoins notre \u00e9quipe.Rejoins ROCK YOUR LIFE! - EmploisActuellement, tous les postes sont occup\u00e9s. Ci-dessous, tu peux d\u00e9couvrir toutes les modialit\u00e9s d'engagements chez RYL!Rejoins ROCK YOUR LIFE! - Engagement b\u00e9n\u00e9voleNos sites [&hellip;]","og_url":"https:\/\/schweiz.rockyourlife.org\/fr\/das-sind-wir-franz\/jobs\/","og_site_name":"ROCK YOUR LIFE! Schweiz","article_modified_time":"2026-03-11T11:04:02+00:00","twitter_card":"summary_large_image","twitter_misc":{"Dur\u00e9e de lecture estim\u00e9e":"4 minutes"},"schema":{"@context":"https:\/\/schema.org","@graph":[{"@type":"WebPage","@id":"https:\/\/schweiz.rockyourlife.org\/fr\/das-sind-wir-franz\/jobs\/","url":"https:\/\/schweiz.rockyourlife.org\/fr\/das-sind-wir-franz\/jobs\/","name":"Jobs - ROCK YOUR LIFE! Schweiz","isPartOf":{"@id":"https:\/\/schweiz.rockyourlife.org\/#website"},"datePublished":"2022-06-28T11:27:48+00:00","dateModified":"2026-03-11T11:04:02+00:00","breadcrumb":{"@id":"https:\/\/schweiz.rockyourlife.org\/fr\/das-sind-wir-franz\/jobs\/#breadcrumb"},"inLanguage":"fr-FR","potentialAction":[{"@type":"ReadAction","target":["https:\/\/schweiz.rockyourlife.org\/fr\/das-sind-wir-franz\/jobs\/"]}]},{"@type":"BreadcrumbList","@id":"https:\/\/schweiz.rockyourlife.org\/fr\/das-sind-wir-franz\/jobs\/#breadcrumb","itemListElement":[{"@type":"ListItem","position":1,"name":"Startseite","item":"https:\/\/schweiz.rockyourlife.org\/fr\/accueil\/"},{"@type":"ListItem","position":2,"name":"Qui nous sommes","item":"https:\/\/schweiz.rockyourlife.org\/fr\/das-sind-wir-franz\/"},{"@type":"ListItem","position":3,"name":"Jobs"}]},{"@type":"WebSite","@id":"https:\/\/schweiz.rockyourlife.org\/#website","url":"https:\/\/schweiz.rockyourlife.org\/","name":"ROCK YOUR LIFE! Schweiz","description":"Mentoring f\u00fcr Jugendliche","potentialAction":[{"@type":"SearchAction","target":{"@type":"EntryPoint","urlTemplate":"https:\/\/schweiz.rockyourlife.org\/?s={search_term_string}"},"query-input":{"@type":"PropertyValueSpecification","valueRequired":true,"valueName":"search_term_string"}}],"inLanguage":"fr-FR"}]}},"_links":{"self":[{"href":"https:\/\/schweiz.rockyourlife.org\/fr\/wp-json\/wp\/v2\/pages\/7742","targetHints":{"allow":["GET"]}}],"collection":[{"href":"https:\/\/schweiz.rockyourlife.org\/fr\/wp-json\/wp\/v2\/pages"}],"about":[{"href":"https:\/\/schweiz.rockyourlife.org\/fr\/wp-json\/wp\/v2\/types\/page"}],"author":[{"embeddable":true,"href":"https:\/\/schweiz.rockyourlife.org\/fr\/wp-json\/wp\/v2\/users\/50"}],"replies":[{"embeddable":true,"href":"https:\/\/schweiz.rockyourlife.org\/fr\/wp-json\/wp\/v2\/comments?post=7742"}],"version-history":[{"count":113,"href":"https:\/\/schweiz.rockyourlife.org\/fr\/wp-json\/wp\/v2\/pages\/7742\/revisions"}],"predecessor-version":[{"id":19285,"href":"https:\/\/schweiz.rockyourlife.org\/fr\/wp-json\/wp\/v2\/pages\/7742\/revisions\/19285"}],"up":[{"embeddable":true,"href":"https:\/\/schweiz.rockyourlife.org\/fr\/wp-json\/wp\/v2\/pages\/6317"}],"wp:attachment":[{"href":"https:\/\/schweiz.rockyourlife.org\/fr\/wp-json\/wp\/v2\/media?parent=7742"}],"curies":[{"name":"wp","href":"https:\/\/api.w.org\/{rel}","templated":true}]}}