{"id":8164,"date":"2022-08-08T17:16:52","date_gmt":"2022-08-08T15:16:52","guid":{"rendered":"https:\/\/schweiz.rockyourlife.org\/mentions-legales\/"},"modified":"2022-08-08T17:16:57","modified_gmt":"2022-08-08T15:16:57","slug":"mentions-legales","status":"publish","type":"page","link":"https:\/\/schweiz.rockyourlife.org\/fr\/mentions-legales\/","title":{"rendered":"Mentions l\u00e9gales"},"content":{"rendered":"<p>[et_pb_section fb_built=\u00a0\u00bb1&Prime; _builder_version=\u00a0\u00bb3.22.3&Prime; custom_padding=\u00a0\u00bb0|0px|0|0px|false|false\u00a0\u00bb][et_pb_row _builder_version=\u00a0\u00bb3.25&Prime; custom_padding=\u00a0\u00bb27px|0px|60px|0px|false|false\u00a0\u00bb][et_pb_column type=\u00a0\u00bb4_4&Prime; _builder_version=\u00a0\u00bb3.25&Prime; custom_padding=\u00a0\u00bb|||\u00a0\u00bb custom_padding__hover=\u00a0\u00bb|||\u00a0\u00bb][et_pb_text module_class=\u00a0\u00bbryl-breadcrumb\u00a0\u00bb _builder_version=\u00a0\u00bb3.27.4&Prime; text_font=\u00a0\u00bb||||||||\u00a0\u00bb] <span><span><a href=\"https:\/\/schweiz.rockyourlife.org\/fr\/accueil\/\">Startseite<\/a><\/span><\/span> [\/et_pb_text][\/et_pb_column][\/et_pb_row][\/et_pb_section][et_pb_section fb_built=\u00a0\u00bb1&Prime; _builder_version=\u00a0\u00bb3.22.3&Prime; custom_margin=\u00a0\u00bb0px|||\u00a0\u00bb custom_margin_tablet=\u00a0\u00bb\u00a0\u00bb custom_margin_phone=\u00a0\u00bb\u00a0\u00bb custom_margin_last_edited=\u00a0\u00bbon|desktop\u00a0\u00bb custom_padding=\u00a0\u00bb0|0px|90px|0px|false|false\u00a0\u00bb][et_pb_row _builder_version=\u00a0\u00bb3.25&Prime; custom_padding=\u00a0\u00bb0|0px|0|0px|false|false\u00a0\u00bb][et_pb_column type=\u00a0\u00bb4_4&Prime; _builder_version=\u00a0\u00bb3.25&Prime; custom_padding=\u00a0\u00bb|||\u00a0\u00bb custom_padding__hover=\u00a0\u00bb|||\u00a0\u00bb][et_pb_text _builder_version=\u00a0\u00bb3.27.4&Prime; header_font=\u00a0\u00bbRoboto Condensed||||||||\u00a0\u00bb]<\/p>\n<h2>Mentions l\u00e9gales<\/h2>\n<p>[\/et_pb_text][\/et_pb_column][\/et_pb_row][et_pb_row _builder_version=\u00a0\u00bb3.25&Prime; custom_padding=\u00a0\u00bb30px|0px|0|0px|false|false\u00a0\u00bb][et_pb_column type=\u00a0\u00bb4_4&Prime; _builder_version=\u00a0\u00bb3.25&Prime; custom_padding=\u00a0\u00bb|||\u00a0\u00bb custom_padding__hover=\u00a0\u00bb|||\u00a0\u00bb][et_pb_text _builder_version=\u00a0\u00bb3.27.4&Prime;]<\/p>\n<p><strong>ROCK YOUR LIFE! Schweiz GmbH <\/strong><br \/> Kramgasse 5<br \/> 3011 Bern<\/p>\n<p><a href=\"mailto:schweiz@rockyourlife.org\">schweiz@rockyourlife.org<\/a><br \/> <a href=\"tel:+41313126021\">+41 (0)31 312 60 21<\/a><\/p>\n<p>[\/et_pb_text][\/et_pb_column][\/et_pb_row][et_pb_row _builder_version=\u00a0\u00bb3.25&Prime; custom_padding=\u00a0\u00bb60px|0px|0|0px|false|false\u00a0\u00bb][et_pb_column type=\u00a0\u00bb4_4&Prime; _builder_version=\u00a0\u00bb3.25&Prime; custom_padding=\u00a0\u00bb|||\u00a0\u00bb custom_padding__hover=\u00a0\u00bb|||\u00a0\u00bb][et_pb_text _builder_version=\u00a0\u00bb4.5.7&Prime;]<\/p>\n<p><strong style=\"font-size: 20px\">Directeur g\u00e9n\u00e9ral<br \/><\/strong>Dr. Gabriel Abu-Tayeh: <a href=\"mailto:gabriel.abutayeh@rockyourlife.org\">gabriel.abutayeh@rockyourlife.org<\/a><\/p>\n<p>[\/et_pb_text][\/et_pb_column][\/et_pb_row][et_pb_row _builder_version=\u00a0\u00bb3.25&Prime; custom_padding=\u00a0\u00bb60px|0px|0|0px|false|false\u00a0\u00bb][et_pb_column type=\u00a0\u00bb4_4&Prime; _builder_version=\u00a0\u00bb3.25&Prime; custom_padding=\u00a0\u00bb|||\u00a0\u00bb custom_padding__hover=\u00a0\u00bb|||\u00a0\u00bb][et_pb_text _builder_version=\u00a0\u00bb3.27.4&Prime;]<\/p>\n<p><b>Registre du commerce:<\/b><span> Handelsregister des Kanton Bern, Firmen-ID.: CH-036.4.058.342-3, UID CHE-495.548.913<\/span><\/p>\n<p>[\/et_pb_text][\/et_pb_column][\/et_pb_row][et_pb_row _builder_version=\u00a0\u00bb3.25&Prime; custom_padding=\u00a0\u00bb60px|0px|0|0px|false|false\u00a0\u00bb][et_pb_column type=\u00a0\u00bb4_4&Prime; _builder_version=\u00a0\u00bb3.25&Prime; custom_padding=\u00a0\u00bb|||\u00a0\u00bb custom_padding__hover=\u00a0\u00bb|||\u00a0\u00bb][et_pb_text _builder_version=\u00a0\u00bb3.27.4&Prime;]<\/p>\n<p><strong>Coordonn\u00e9es bancaires pour les dons<\/strong><br \/> ROCK YOUR LIFE! Schweiz GmbH<br \/><span>3011 Bern, UBS Bern<\/span><br \/><span>IBAN: CH23 0023 5235 1622 7101 P<\/span><\/p>\n<p>[\/et_pb_text][\/et_pb_column][\/et_pb_row][et_pb_row _builder_version=\u00a0\u00bb3.25&Prime; custom_padding=\u00a0\u00bb60px|0px|0|0px|false|false\u00a0\u00bb][et_pb_column type=\u00a0\u00bb4_4&Prime; _builder_version=\u00a0\u00bb3.25&Prime; custom_padding=\u00a0\u00bb|||\u00a0\u00bb custom_padding__hover=\u00a0\u00bb|||\u00a0\u00bb][et_pb_text _builder_version=\u00a0\u00bb3.27.4&Prime;]<\/p>\n<section class=\"av_textblock_section \">\n<div class=\"avia_textblock \">\n<p><strong><span>Newsletter<\/span><br \/><\/strong><span>Les adresses e-mail sont trait\u00e9es de mani\u00e8re confidentielle par nos soins. Pour l&rsquo;envoi de notre newsletter, nous utilisons MailChimp, un fournisseur am\u00e9ricain de solutions de mailing bas\u00e9 \u00e0 Atlanta de The Rocket Science Group, LLC. (Postanschrift: MailChimp Privacy Department, 512 Means St., Suite 404, Atlanta, Georgia 30318). Veuillez noter que vous devez d&rsquo;abord confirmer votre adresse e-mail avant de recevoir la newsletter.<\/span><\/p>\n<\/div>\n<\/section>\n<p>[\/et_pb_text][\/et_pb_column][\/et_pb_row][et_pb_row _builder_version=\u00a0\u00bb3.25&Prime; custom_padding=\u00a0\u00bb60px|0px|0|0px|false|false\u00a0\u00bb][et_pb_column type=\u00a0\u00bb4_4&Prime; _builder_version=\u00a0\u00bb3.25&Prime; custom_padding=\u00a0\u00bb|||\u00a0\u00bb custom_padding__hover=\u00a0\u00bb|||\u00a0\u00bb][et_pb_text _builder_version=\u00a0\u00bb3.27.4&Prime;]<\/p>\n<section class=\"av_textblock_section \">\n<div class=\"avia_textblock \">\n<p><strong><span>Transmission des donn\u00e9es<\/span><br \/> <\/strong><span>En vous abonnant \u00e0 notre newsletter, vous acceptez la transmission prot\u00e9g\u00e9e par SSL de vos donn\u00e9es (adresse e-mail) vers les \u00c9tats-Unis ainsi que leur stockage et leur traitement sur les serveurs de The Rocket Science Group, LLC. Tant que vous ne vous abonnez pas \u00e0 la newsletter, aucune donn\u00e9e n&rsquo;est transmise \u00e0 MailChimp. MailChimp permet d&rsquo;analyser les donn\u00e9es d&rsquo;ouverture et d&rsquo;utilisation des newsletters. Nous utilisons ces possibilit\u00e9s exclusivement en fonction du groupe et non de la personne. En plus de l&rsquo;adresse e-mail, MailChimp enregistre \u00e9galement l&rsquo;adresse IP afin de pouvoir se d\u00e9fendre contre une \u00e9ventuelle accusation d\u2019envoi de courriers \u00e9lectroniques non sollicit\u00e9s.<\/span><\/p>\n<\/div>\n<\/section>\n<p>[\/et_pb_text][\/et_pb_column][\/et_pb_row][et_pb_row _builder_version=\u00a0\u00bb3.25&Prime; custom_padding=\u00a0\u00bb60px|0px|0|0px|false|false\u00a0\u00bb][et_pb_column type=\u00a0\u00bb4_4&Prime; _builder_version=\u00a0\u00bb3.25&Prime; custom_padding=\u00a0\u00bb|||\u00a0\u00bb custom_padding__hover=\u00a0\u00bb|||\u00a0\u00bb][et_pb_text _builder_version=\u00a0\u00bb3.27.4&Prime;]<\/p>\n<section class=\"av_textblock_section \">\n<div class=\"avia_textblock \">\n<p><strong><span>Respect de la vie priv\u00e9e<\/span><br \/> <\/strong><span>MailChimp s&rsquo;engage \u00e0 respecter le EU Safe Harbor Framework, qui r\u00e9git la collecte, l&rsquo;utilisation et la conservation des donn\u00e9es provenant de l&rsquo;Union europ\u00e9enne, conform\u00e9ment \u00e0 la directive sur la protection des donn\u00e9es de la Commission europ\u00e9enne de 1998. Pour plus de d\u00e9tails, veuillez consulter l&rsquo;inscription de The Rocket Science Group, LLC sur la \u00ab<\/span><a href=\"https:\/\/safeharbor.export.gov\/companyinfo.aspx?id=19301\" target=\"_blank\" rel=\"noopener noreferrer\">Safe Harbor List<\/a><span>\u00bb du Department of Commerce (les informations ne sont disponibles qu&rsquo;en anglais). La directive sur la protection des donn\u00e9es de la Commission europ\u00e9enne interdit le transfert de donn\u00e9es \u00e0 caract\u00e8re personnel vers des pays non-membres de l&rsquo;UE ne respectant pas un niveau de protection de la vie priv\u00e9e \u00e9quivalent \u00e0 celui de l&rsquo;Union europ\u00e9enne (UE). Aux \u00c9tats-Unis, les dispositions, lois et normes relatives \u00e0 la protection de la vie priv\u00e9e sont diff\u00e9rentes. Afin de permettre aux entreprises am\u00e9ricaines de se conformer \u00e0 la directive europ\u00e9enne sur la protection des donn\u00e9es, le US Department of Commerce a d\u00e9velopp\u00e9, en concertation avec la Commission europ\u00e9enne, le EU Safe Harbor Framework. En outre, le respect des dispositions l\u00e9gales relatives \u00e0 la protection des donn\u00e9es personnelles est r\u00e9guli\u00e8rement contr\u00f4l\u00e9 et certifi\u00e9 par TRUSTe.<\/span><\/p>\n<\/div>\n<\/section>\n<p>[\/et_pb_text][\/et_pb_column][\/et_pb_row][et_pb_row _builder_version=\u00a0\u00bb3.25&Prime; custom_padding=\u00a0\u00bb60px|0px|0|0px|false|false\u00a0\u00bb][et_pb_column type=\u00a0\u00bb4_4&Prime; _builder_version=\u00a0\u00bb3.25&Prime; custom_padding=\u00a0\u00bb|||\u00a0\u00bb custom_padding__hover=\u00a0\u00bb|||\u00a0\u00bb][et_pb_text _builder_version=\u00a0\u00bb4.0.6&Prime;]<\/p>\n<section class=\"av_textblock_section \">\n<div class=\"avia_textblock \">\n<p><strong><span>Principes du traitement de vos donn\u00e9es personnelles<\/span><\/strong><\/p>\n<ul>\n<li>Les collaborateurs et les membres de ROCK YOUR LIFE! sont tenus au secret et au respect des dispositions l\u00e9gales relatives \u00e0 la protection des donn\u00e9es.<\/li>\n<\/ul>\n<ul>\n<li>Les donn\u00e9es personnelles ne peuvent \u00eatre collect\u00e9es et trait\u00e9es chez ROCK YOUR LIFE! que dans le cadre des lois en vigueur et pour l\u2019usage pr\u00e9vu.<\/li>\n<\/ul>\n<ul>\n<li>Les donn\u00e9es personnelles doivent toujours \u00eatre tenues \u00e0 jour par ROCK YOUR LIFE! et doivent \u00eatre effac\u00e9es d\u00e8s qu&rsquo;elles ne sont plus utilis\u00e9es pour l\u2019usage pr\u00e9vu.<\/li>\n<\/ul>\n<ul>\n<li>Les donn\u00e9es personnelles ne peuvent \u00eatre transmises par ROCK YOUR LIFE! que pour l\u2019usage pr\u00e9vu au sein du r\u00e9seau ROCK YOUR LIFE! (ROCK YOUR LIFE! gGmbH \u00e0 Munich, ROCK YOUR LIFE! Schweiz GmbH et les associations des sites en Suisse) ainsi qu&rsquo;aux mentor\u00b7e\u00b7s et aux mentees respectifs.<\/li>\n<\/ul>\n<ul>\n<li>Les donn\u00e9es personnelles sont g\u00e9r\u00e9es par ROCK YOUR LIFE! sur des syst\u00e8mes globaux, c&rsquo;est-\u00e0-dire que la collecte de donn\u00e9es \u00e9lectronique peut se trouver en dehors de la Suisse et\/ou \u00eatre consult\u00e9 depuis l&rsquo;ext\u00e9rieur de la Suisse. Il existe des mesures de s\u00e9curit\u00e9 concernant l&rsquo;acc\u00e8s aux donn\u00e9es et leur traitement.<\/li>\n<\/ul>\n<\/div>\n<\/section>\n<p>[\/et_pb_text][\/et_pb_column][\/et_pb_row][et_pb_row _builder_version=\u00a0\u00bb3.25&Prime; custom_padding=\u00a0\u00bb60px|0px|0|0px|false|false\u00a0\u00bb][et_pb_column type=\u00a0\u00bb4_4&Prime; _builder_version=\u00a0\u00bb3.25&Prime; custom_padding=\u00a0\u00bb|||\u00a0\u00bb custom_padding__hover=\u00a0\u00bb|||\u00a0\u00bb][et_pb_text _builder_version=\u00a0\u00bb3.27.4&Prime;]<\/p>\n<section class=\"av_textblock_section \">\n<div class=\"avia_textblock \">\n<p><strong>R\u00e8glement en ligne des litiges<br \/>\n<\/strong> La Commission europ\u00e9enne met \u00e0 disposition une plateforme de r\u00e8glement des litiges en ligne \u00e0 l&rsquo;adresse suivante <a href=\"https:\/\/ec.europa.eu\/consumers\/odr\/\" target=\"_blank\" rel=\"noopener noreferrer\">https:\/\/ec.europa.eu\/consumers\/odr\/<\/a> . Les consommateur\u00b7trice\u00b7s peuvent l\u2019utiliser pour r\u00e9gler un litige et y trouveront de plus amples informations sur la th\u00e9matique de r\u00e8glement des litiges.<\/p>\n<\/div>\n<\/section>\n<p>[\/et_pb_text][\/et_pb_column][\/et_pb_row][et_pb_row _builder_version=\u00a0\u00bb3.25&Prime; custom_padding=\u00a0\u00bb60px|0px|0|0px|false|false\u00a0\u00bb][et_pb_column type=\u00a0\u00bb4_4&Prime; _builder_version=\u00a0\u00bb3.25&Prime; custom_padding=\u00a0\u00bb|||\u00a0\u00bb custom_padding__hover=\u00a0\u00bb|||\u00a0\u00bb][et_pb_text _builder_version=\u00a0\u00bb3.27.4&Prime;]<\/p>\n<section class=\"av_textblock_section \">\n<div class=\"avia_textblock \">\n<p><strong>R\u00e8glement extrajudiciaire des litiges<br \/><\/strong> En cas de litige avec un consommateur, nous ne sommes ni oblig\u00e9s, ni dispos\u00e9s \u00e0 participer \u00e0 une proc\u00e9dure de r\u00e8glement des litiges devant un organe de conciliation des consommateurs.<\/p>\n<\/div>\n<\/section>\n<p>[\/et_pb_text][\/et_pb_column][\/et_pb_row][et_pb_row _builder_version=\u00a0\u00bb3.25&Prime; custom_padding=\u00a0\u00bb60px|0px|0|0px|false|false\u00a0\u00bb][et_pb_column type=\u00a0\u00bb4_4&Prime; _builder_version=\u00a0\u00bb3.25&Prime; custom_padding=\u00a0\u00bb|||\u00a0\u00bb custom_padding__hover=\u00a0\u00bb|||\u00a0\u00bb][et_pb_text _builder_version=\u00a0\u00bb3.27.4&Prime;]<\/p>\n<section class=\"av_textblock_section \">\n<div class=\"avia_textblock \">\n<p><strong>Conception et r\u00e9alisation technique :<br \/><\/strong>EDELUNDSIEGER GmbH<br \/> F\u00fcrther Strasse 174a<br \/> 90429 N\u00fcrnberg<br \/> <a href=\"mailto:info@edelundsieger.de\">info@edelundsieger.de<\/a><a href=\"https:\/\/www.edelundsieger.de\/\" target=\"_blank\" rel=\"noopener noreferrer\"><br \/> www.edelundsieger.de<\/a><\/p>\n<\/div>\n<\/section>\n<p>[\/et_pb_text][\/et_pb_column][\/et_pb_row][et_pb_row _builder_version=\u00a0\u00bb3.25&Prime; custom_padding=\u00a0\u00bb60px|0px|0|0px|false|false\u00a0\u00bb][et_pb_column type=\u00a0\u00bb4_4&Prime; _builder_version=\u00a0\u00bb3.25&Prime; custom_padding=\u00a0\u00bb|||\u00a0\u00bb custom_padding__hover=\u00a0\u00bb|||\u00a0\u00bb][et_pb_text _builder_version=\u00a0\u00bb3.27.4&Prime;]<\/p>\n<section class=\"av_textblock_section \">\n<div class=\"avia_textblock \">\n<p><b>Statut du site internet<br \/><\/b> Copyright \u00a9 2019 ROCK YOUR LIFE! Schweiz GmbH, Kramgasse 5, <span style=\"font-size: 20px\">3011 Bern<\/span><span style=\"font-size: 20px\">. All rights reserved. Statut: mars 2019<\/span><\/p>\n<\/div>\n<\/section>\n<p>[\/et_pb_text][\/et_pb_column][\/et_pb_row][et_pb_row _builder_version=\u00a0\u00bb3.25&Prime; custom_padding=\u00a0\u00bb60px|0px|0|0px|false|false\u00a0\u00bb][et_pb_column type=\u00a0\u00bb4_4&Prime; _builder_version=\u00a0\u00bb3.25&Prime; custom_padding=\u00a0\u00bb|||\u00a0\u00bb custom_padding__hover=\u00a0\u00bb|||\u00a0\u00bb][et_pb_text _builder_version=\u00a0\u00bb3.27.4&Prime;]<\/p>\n<p>Hosted by Host Europe.<\/p>\n<p>[\/et_pb_text][\/et_pb_column][\/et_pb_row][et_pb_row column_structure=\u00a0\u00bb1_2,1_2&Prime; _builder_version=\u00a0\u00bb3.25&Prime; custom_padding=\u00a0\u00bb70px|0px|0|0px|false|false\u00a0\u00bb][et_pb_column type=\u00a0\u00bb1_2&Prime; _builder_version=\u00a0\u00bb3.25&Prime; custom_padding=\u00a0\u00bb|||\u00a0\u00bb custom_padding__hover=\u00a0\u00bb|||\u00a0\u00bb][et_pb_image src=\u00a0\u00bbhttps:\/\/schweiz.rockyourlife.org\/wp-content\/uploads\/sites\/47\/2018\/11\/rock-your-life-host-europe-logo.png\u00a0\u00bb align_tablet=\u00a0\u00bbcenter\u00a0\u00bb align_phone=\u00a0\u00bb\u00a0\u00bb align_last_edited=\u00a0\u00bbon|desktop\u00a0\u00bb _builder_version=\u00a0\u00bb3.23&Prime; max_width=\u00a0\u00bb57%\u00a0\u00bb][\/et_pb_image][\/et_pb_column][et_pb_column type=\u00a0\u00bb1_2&Prime; _builder_version=\u00a0\u00bb3.25&Prime; custom_padding=\u00a0\u00bb|||\u00a0\u00bb custom_padding__hover=\u00a0\u00bb|||\u00a0\u00bb][\/et_pb_column][\/et_pb_row][\/et_pb_section]<\/p>\n","protected":false},"excerpt":{"rendered":"<p><span><span><a href=\"https:\/\/schweiz.rockyourlife.org\/fr\/accueil\/\">Startseite<\/a><\/span><\/span> Mentions l\u00e9gales ROCK YOUR LIFE! Schweiz GmbH Kramgasse 5 3011 Bern schweiz@rockyourlife.org +41 (0)31 312 60 21Directeur g\u00e9n\u00e9ralDr. Gabriel Abu-Tayeh: gabriel.abutayeh@rockyourlife.orgRegistre du commerce: Handelsregister des Kanton Bern, Firmen-ID.: CH-036.4.058.342-3, UID CHE-495.548.913Coordonn\u00e9es bancaires pour les dons ROCK YOUR LIFE! Schweiz GmbH3011 Bern, UBS BernIBAN: CH23 0023 5235 1622 7101 P NewsletterLes adresses e-mail sont trait\u00e9es [&hellip;]<\/p>\n","protected":false},"author":50,"featured_media":0,"parent":0,"menu_order":10,"comment_status":"closed","ping_status":"closed","template":"","meta":{"_et_pb_use_builder":"on","_et_pb_old_content":"","_et_gb_content_width":"","footnotes":""},"class_list":["post-8164","page","type-page","status-publish","hentry"],"yoast_head":"<!-- This site is optimized with the Yoast SEO plugin v26.8 - https:\/\/yoast.com\/product\/yoast-seo-wordpress\/ -->\n<title>Mentions l\u00e9gales - ROCK YOUR LIFE! Schweiz<\/title>\n<meta name=\"robots\" content=\"index, follow, max-snippet:-1, max-image-preview:large, max-video-preview:-1\" \/>\n<link rel=\"canonical\" href=\"https:\/\/schweiz.rockyourlife.org\/fr\/mentions-legales\/\" \/>\n<meta property=\"og:locale\" content=\"fr_FR\" \/>\n<meta property=\"og:type\" content=\"article\" \/>\n<meta property=\"og:title\" content=\"Mentions l\u00e9gales - ROCK YOUR LIFE! Schweiz\" \/>\n<meta property=\"og:description\" content=\"Mentions l\u00e9gales ROCK YOUR LIFE! Schweiz GmbH Kramgasse 5 3011 Bern schweiz@rockyourlife.org +41 (0)31 312 60 21Directeur g\u00e9n\u00e9ralDr. Gabriel Abu-Tayeh: gabriel.abutayeh@rockyourlife.orgRegistre du commerce: Handelsregister des Kanton Bern, Firmen-ID.: CH-036.4.058.342-3, UID CHE-495.548.913Coordonn\u00e9es bancaires pour les dons ROCK YOUR LIFE! Schweiz GmbH3011 Bern, UBS BernIBAN: CH23 0023 5235 1622 7101 P NewsletterLes adresses e-mail sont trait\u00e9es [&hellip;]\" \/>\n<meta property=\"og:url\" content=\"https:\/\/schweiz.rockyourlife.org\/fr\/mentions-legales\/\" \/>\n<meta property=\"og:site_name\" content=\"ROCK YOUR LIFE! Schweiz\" \/>\n<meta property=\"article:modified_time\" content=\"2022-08-08T15:16:57+00:00\" \/>\n<meta name=\"twitter:card\" content=\"summary_large_image\" \/>\n<meta name=\"twitter:label1\" content=\"Dur\u00e9e de lecture estim\u00e9e\" \/>\n\t<meta name=\"twitter:data1\" content=\"7 minutes\" \/>\n<script type=\"application\/ld+json\" class=\"yoast-schema-graph\">{\"@context\":\"https:\/\/schema.org\",\"@graph\":[{\"@type\":\"WebPage\",\"@id\":\"https:\/\/schweiz.rockyourlife.org\/fr\/mentions-legales\/\",\"url\":\"https:\/\/schweiz.rockyourlife.org\/fr\/mentions-legales\/\",\"name\":\"Mentions l\u00e9gales - ROCK YOUR LIFE! Schweiz\",\"isPartOf\":{\"@id\":\"https:\/\/schweiz.rockyourlife.org\/#website\"},\"datePublished\":\"2022-08-08T15:16:52+00:00\",\"dateModified\":\"2022-08-08T15:16:57+00:00\",\"breadcrumb\":{\"@id\":\"https:\/\/schweiz.rockyourlife.org\/fr\/mentions-legales\/#breadcrumb\"},\"inLanguage\":\"fr-FR\",\"potentialAction\":[{\"@type\":\"ReadAction\",\"target\":[\"https:\/\/schweiz.rockyourlife.org\/fr\/mentions-legales\/\"]}]},{\"@type\":\"BreadcrumbList\",\"@id\":\"https:\/\/schweiz.rockyourlife.org\/fr\/mentions-legales\/#breadcrumb\",\"itemListElement\":[{\"@type\":\"ListItem\",\"position\":1,\"name\":\"Startseite\",\"item\":\"https:\/\/schweiz.rockyourlife.org\/fr\/accueil\/\"},{\"@type\":\"ListItem\",\"position\":2,\"name\":\"Mentions l\u00e9gales\"}]},{\"@type\":\"WebSite\",\"@id\":\"https:\/\/schweiz.rockyourlife.org\/#website\",\"url\":\"https:\/\/schweiz.rockyourlife.org\/\",\"name\":\"ROCK YOUR LIFE! Schweiz\",\"description\":\"Mentoring f\u00fcr Jugendliche\",\"potentialAction\":[{\"@type\":\"SearchAction\",\"target\":{\"@type\":\"EntryPoint\",\"urlTemplate\":\"https:\/\/schweiz.rockyourlife.org\/?s={search_term_string}\"},\"query-input\":{\"@type\":\"PropertyValueSpecification\",\"valueRequired\":true,\"valueName\":\"search_term_string\"}}],\"inLanguage\":\"fr-FR\"}]}<\/script>\n<!-- \/ Yoast SEO plugin. -->","yoast_head_json":{"title":"Mentions l\u00e9gales - ROCK YOUR LIFE! Schweiz","robots":{"index":"index","follow":"follow","max-snippet":"max-snippet:-1","max-image-preview":"max-image-preview:large","max-video-preview":"max-video-preview:-1"},"canonical":"https:\/\/schweiz.rockyourlife.org\/fr\/mentions-legales\/","og_locale":"fr_FR","og_type":"article","og_title":"Mentions l\u00e9gales - ROCK YOUR LIFE! Schweiz","og_description":"Mentions l\u00e9gales ROCK YOUR LIFE! Schweiz GmbH Kramgasse 5 3011 Bern schweiz@rockyourlife.org +41 (0)31 312 60 21Directeur g\u00e9n\u00e9ralDr. Gabriel Abu-Tayeh: gabriel.abutayeh@rockyourlife.orgRegistre du commerce: Handelsregister des Kanton Bern, Firmen-ID.: CH-036.4.058.342-3, UID CHE-495.548.913Coordonn\u00e9es bancaires pour les dons ROCK YOUR LIFE! Schweiz GmbH3011 Bern, UBS BernIBAN: CH23 0023 5235 1622 7101 P NewsletterLes adresses e-mail sont trait\u00e9es [&hellip;]","og_url":"https:\/\/schweiz.rockyourlife.org\/fr\/mentions-legales\/","og_site_name":"ROCK YOUR LIFE! Schweiz","article_modified_time":"2022-08-08T15:16:57+00:00","twitter_card":"summary_large_image","twitter_misc":{"Dur\u00e9e de lecture estim\u00e9e":"7 minutes"},"schema":{"@context":"https:\/\/schema.org","@graph":[{"@type":"WebPage","@id":"https:\/\/schweiz.rockyourlife.org\/fr\/mentions-legales\/","url":"https:\/\/schweiz.rockyourlife.org\/fr\/mentions-legales\/","name":"Mentions l\u00e9gales - ROCK YOUR LIFE! Schweiz","isPartOf":{"@id":"https:\/\/schweiz.rockyourlife.org\/#website"},"datePublished":"2022-08-08T15:16:52+00:00","dateModified":"2022-08-08T15:16:57+00:00","breadcrumb":{"@id":"https:\/\/schweiz.rockyourlife.org\/fr\/mentions-legales\/#breadcrumb"},"inLanguage":"fr-FR","potentialAction":[{"@type":"ReadAction","target":["https:\/\/schweiz.rockyourlife.org\/fr\/mentions-legales\/"]}]},{"@type":"BreadcrumbList","@id":"https:\/\/schweiz.rockyourlife.org\/fr\/mentions-legales\/#breadcrumb","itemListElement":[{"@type":"ListItem","position":1,"name":"Startseite","item":"https:\/\/schweiz.rockyourlife.org\/fr\/accueil\/"},{"@type":"ListItem","position":2,"name":"Mentions l\u00e9gales"}]},{"@type":"WebSite","@id":"https:\/\/schweiz.rockyourlife.org\/#website","url":"https:\/\/schweiz.rockyourlife.org\/","name":"ROCK YOUR LIFE! Schweiz","description":"Mentoring f\u00fcr Jugendliche","potentialAction":[{"@type":"SearchAction","target":{"@type":"EntryPoint","urlTemplate":"https:\/\/schweiz.rockyourlife.org\/?s={search_term_string}"},"query-input":{"@type":"PropertyValueSpecification","valueRequired":true,"valueName":"search_term_string"}}],"inLanguage":"fr-FR"}]}},"_links":{"self":[{"href":"https:\/\/schweiz.rockyourlife.org\/fr\/wp-json\/wp\/v2\/pages\/8164","targetHints":{"allow":["GET"]}}],"collection":[{"href":"https:\/\/schweiz.rockyourlife.org\/fr\/wp-json\/wp\/v2\/pages"}],"about":[{"href":"https:\/\/schweiz.rockyourlife.org\/fr\/wp-json\/wp\/v2\/types\/page"}],"author":[{"embeddable":true,"href":"https:\/\/schweiz.rockyourlife.org\/fr\/wp-json\/wp\/v2\/users\/50"}],"replies":[{"embeddable":true,"href":"https:\/\/schweiz.rockyourlife.org\/fr\/wp-json\/wp\/v2\/comments?post=8164"}],"version-history":[{"count":2,"href":"https:\/\/schweiz.rockyourlife.org\/fr\/wp-json\/wp\/v2\/pages\/8164\/revisions"}],"predecessor-version":[{"id":8166,"href":"https:\/\/schweiz.rockyourlife.org\/fr\/wp-json\/wp\/v2\/pages\/8164\/revisions\/8166"}],"wp:attachment":[{"href":"https:\/\/schweiz.rockyourlife.org\/fr\/wp-json\/wp\/v2\/media?parent=8164"}],"curies":[{"name":"wp","href":"https:\/\/api.w.org\/{rel}","templated":true}]}}